{"id":11,"date":"2013-10-08T18:04:16","date_gmt":"2013-10-08T18:04:16","guid":{"rendered":"http:\/\/xn--indreholmenbt-0fb.no\/?page_id=11"},"modified":"2014-07-02T11:32:43","modified_gmt":"2014-07-02T09:32:43","slug":"aktuellt","status":"publish","type":"page","link":"https:\/\/xn--indreholmenbt-0fb.no\/?page_id=11","title":{"rendered":"Nyheter"},"content":{"rendered":"<p><a href=\"http:\/\/xn--indreholmenbt-0fb.no\/wp-content\/uploads\/2013\/10\/naust.jpg\"><img loading=\"lazy\" decoding=\"async\" class=\"alignleft  wp-image-116\" style=\"margin-right: 10px; margin-left: 10px;\" src=\"http:\/\/xn--indreholmenbt-0fb.no\/wp-content\/uploads\/2013\/10\/naust-425x318.jpg\" alt=\"naust\" width=\"383\" height=\"286\" srcset=\"https:\/\/xn--indreholmenbt-0fb.no\/wp-content\/uploads\/2013\/10\/naust-425x318.jpg 425w, https:\/\/xn--indreholmenbt-0fb.no\/wp-content\/uploads\/2013\/10\/naust-1024x768.jpg 1024w\" sizes=\"auto, (max-width: 383px) 100vw, 383px\" \/><\/a>\u00d8nsker du mer informasjon om\u00a0Atalanta B\u00e5thavn kan du\u00a0melde deg opp p\u00e5 interessentlisten ved \u00e5\u00a0fylle ut kontaktskjemaet under <a title=\"Kontakt\" href=\"http:\/\/xn--indreholmenbt-0fb.no\/?page_id=13\"><i>Kontakt<\/i><\/a> p\u00e5 nettsiden v\u00e5r.<\/p>\n<p><strong>30.06.2014<\/strong>: Tusen takk til alle\u00a0som tok turen og feiret \u00e5pningen av Atalanta B\u00e5thavn.\u00a0 Det ble en flott dag p\u00e5 alle m\u00e5ter! Solen skinnte, b\u00e5thavnen var full av flotte b\u00e5ter i alle st\u00f8rrelser og over 300 glade mennesker kom p\u00e5 naustdansen med Lothepus\u00a0og bandet Strok.<\/p>\n<p><strong>18.06.2014<\/strong>: \u00c5pningsfest av b\u00e5thavnen blir l\u00f8rdag 28 juni 2014!\u00a0 Det blir underholdning for store og sm\u00e5 og Kulturbakeriet st\u00e5r for salg av mat og drikke.\u00a0 Bli med og feir med oss.\u00a0 Ta gjerne turen i\u00a0b\u00e5t!\u00a0\u00a0<a href=\"http:\/\/indreholmenb\u00e5t.no\/Program_apningsfest_28_juni_2014.pdf\">Programmet<\/a> ser du her.<\/p>\n<p><strong>17.06.2014<\/strong>: B\u00e5tgarasjene og b\u00e5thavnen er snart ferdig!\u00a0 N\u00e5 er det nesten bare asfaltering og legging av sementdekke p\u00e5 kaien igjen.\u00a0 Dette blir ferdig innen onsdag neste uke.<\/p>\n<p><strong>13.06.2014:<\/strong> B\u00e5tplassene er ferdigstillt og klar til bruk.\u00a0 B\u00e5tgarasjene er reist.\u00a0 Kledning (sibirsk lerk) og leddportene er montert.\u00a0 Det blir flott s\u00e5 kom og se! B\u00e5tgarasjene forventes \u00e5 bli ferdig tidlig juli, 2014.\u00a0 Det er forsatt noen b\u00e5tgarasjer og b\u00e5tplasser tilsalgs.<\/p>\n<p><strong>11.06.2014<\/strong>: Navnet p\u00e5 b\u00e5thavnen er blitt endret\u00a0fra Indreholmen B\u00e5thavn til Atalanta B\u00e5thavn.\u00a0 Historien bak navnet &#8220;Atalanta B\u00e5thavn&#8221; f\u00e5r dere ved den offisielle \u00e5pningen av b\u00e5thavnen 28 juni, 2014.<\/p>\n<p><span style=\"color: #000000;\">04.06.2014<\/span>: Vi er godt i\u00a0rute med fremdriften av byggeprosjektet.\u00a0 De fleste b\u00e5tplassene er n\u00e5 ferdigstillte og klar for bruk.\u00a0 Betongelementene\u00a0til b\u00e5tnaustene er reist og det forventest at b\u00e5tnaustene ferdigstilles i juni\/juli 2014.\u00a0 Ny oppdatering ang\u00e5ende ferdigstillelse kommer\u00a0snart.<\/p>\n<p><strong>14.01.2014:<\/strong>\u00a0\u00a0Ta kontak via kontaktskjema p\u00e5 v\u00e5re nettsider om du \u00f8nsker \u00e5 kj\u00f8pe b\u00e5tplass. Prisene for b\u00e5tplassene er\u00a0publisert p\u00e5 nettsidene <a title=\"Informasjon om b\u00e5tplasser\" href=\"http:\/\/xn--indreholmenbt-0fb.no\/?page_id=8\">her<\/a>.<\/p>\n","protected":false},"excerpt":{"rendered":"<p>\u00d8nsker du mer informasjon om\u00a0Atalanta B\u00e5thavn kan du\u00a0melde deg opp p\u00e5 interessentlisten ved \u00e5\u00a0fylle ut kontaktskjemaet under Kontakt p\u00e5 nettsiden v\u00e5r. 30.06.2014: Tusen takk til alle\u00a0som tok turen og feiret \u00e5pningen av Atalanta B\u00e5thavn.\u00a0 Det ble en flott dag p\u00e5 alle m\u00e5ter! Solen skinnte, b\u00e5thavnen var full av flotte b\u00e5ter i alle st\u00f8rrelser og over [&hellip;]<\/p>\n","protected":false},"author":1,"featured_media":0,"parent":0,"menu_order":0,"comment_status":"open","ping_status":"open","template":"","meta":{"footnotes":""},"class_list":["post-11","page","type-page","status-publish","hentry"],"_links":{"self":[{"href":"https:\/\/xn--indreholmenbt-0fb.no\/index.php?rest_route=\/wp\/v2\/pages\/11","targetHints":{"allow":["GET"]}}],"collection":[{"href":"https:\/\/xn--indreholmenbt-0fb.no\/index.php?rest_route=\/wp\/v2\/pages"}],"about":[{"href":"https:\/\/xn--indreholmenbt-0fb.no\/index.php?rest_route=\/wp\/v2\/types\/page"}],"author":[{"embeddable":true,"href":"https:\/\/xn--indreholmenbt-0fb.no\/index.php?rest_route=\/wp\/v2\/users\/1"}],"replies":[{"embeddable":true,"href":"https:\/\/xn--indreholmenbt-0fb.no\/index.php?rest_route=%2Fwp%2Fv2%2Fcomments&post=11"}],"version-history":[{"count":24,"href":"https:\/\/xn--indreholmenbt-0fb.no\/index.php?rest_route=\/wp\/v2\/pages\/11\/revisions"}],"predecessor-version":[{"id":252,"href":"https:\/\/xn--indreholmenbt-0fb.no\/index.php?rest_route=\/wp\/v2\/pages\/11\/revisions\/252"}],"wp:attachment":[{"href":"https:\/\/xn--indreholmenbt-0fb.no\/index.php?rest_route=%2Fwp%2Fv2%2Fmedia&parent=11"}],"curies":[{"name":"wp","href":"https:\/\/api.w.org\/{rel}","templated":true}]}}