{"id":115,"date":"2013-10-15T20:58:00","date_gmt":"2013-10-15T18:58:00","guid":{"rendered":"http:\/\/xn--indreholmenbt-0fb.no\/?page_id=115"},"modified":"2014-07-02T11:13:38","modified_gmt":"2014-07-02T09:13:38","slug":"informasjon-batnaust","status":"publish","type":"page","link":"https:\/\/xn--indreholmenbt-0fb.no\/?page_id=115","title":{"rendered":"Informasjon om b\u00e5tnaust"},"content":{"rendered":"<p><a href=\"http:\/\/xn--indreholmenbt-0fb.no\/wp-content\/uploads\/2014\/01\/Perspektiv-Indreholmen_2.jpg\"><img loading=\"lazy\" decoding=\"async\" class=\"alignleft size-medium wp-image-186\" style=\"margin: 5px 10px;\" src=\"http:\/\/xn--indreholmenbt-0fb.no\/wp-content\/uploads\/2014\/01\/Perspektiv-Indreholmen_2-425x318.jpg\" alt=\"Perspektiv Indreholmen_2\" width=\"425\" height=\"318\" srcset=\"https:\/\/xn--indreholmenbt-0fb.no\/wp-content\/uploads\/2014\/01\/Perspektiv-Indreholmen_2-425x318.jpg 425w, https:\/\/xn--indreholmenbt-0fb.no\/wp-content\/uploads\/2014\/01\/Perspektiv-Indreholmen_2-1024x768.jpg 1024w\" sizes=\"auto, (max-width: 425px) 100vw, 425px\" \/><\/a>Atalanta\u00a0B\u00e5thavn utbygges i to trinn. F\u00f8rste utbygging inneholder utbygging av 36 b\u00e5tplasser og 15 b\u00e5tnaust.<\/p>\n<p style=\"text-align: left;\">B\u00e5tnaustene er p\u00e5 40 kvm, og bygget som egne avgrensede seksjoner\u00a0med vinduer i front og bakkant. Hvert b\u00e5tnaust\u00a0kan tilpasses\u00a0induviduelle\u00a0behov for str\u00f8m, vann og innredning. Pris pr. b\u00e5tnaust blir ved ferdgstillelse kr 900 000\u00a0+ 50 000 kr for tomten b\u00e5tnaustet st\u00e5r p\u00e5 (til Austevoll Kommune).\u00a0 I tillegg kommer felleskostnader til Atalanta b\u00e5thavn som er satt til\u00a0kr\u00a01500 i 2014. B\u00e5tnaustene ferdigstilles i l\u00f8pet av\u00a0f\u00f8rste halvdel av juli 2014.<\/p>\n<p style=\"text-align: left;\">Endel naust er allerede solgt s\u00e5 er dere interessert oppfordrer vi dere til \u00e5 ta rask kontakt.\u00a0 Er det \u00f8nskelig kan vi gjerne vise dere anlegget ogs\u00e5 etter avtale.<\/p>\n<p>&nbsp;<\/p>\n<p>&nbsp;<\/p>\n<p>&nbsp;<\/p>\n<p>&nbsp;<\/p>\n<p>&nbsp;<\/p>\n<p>&nbsp;<\/p>\n<p>&nbsp;<\/p>\n<p>&nbsp;<\/p>\n<p>&nbsp;<\/p>\n<p>&nbsp;<\/p>\n","protected":false},"excerpt":{"rendered":"<p>Atalanta\u00a0B\u00e5thavn utbygges i to trinn. F\u00f8rste utbygging inneholder utbygging av 36 b\u00e5tplasser og 15 b\u00e5tnaust. B\u00e5tnaustene er p\u00e5 40 kvm, og bygget som egne avgrensede seksjoner\u00a0med vinduer i front og bakkant. Hvert b\u00e5tnaust\u00a0kan tilpasses\u00a0induviduelle\u00a0behov for str\u00f8m, vann og innredning. Pris pr. b\u00e5tnaust blir ved ferdgstillelse kr 900 000\u00a0+ 50 000 kr for tomten b\u00e5tnaustet st\u00e5r [&hellip;]<\/p>\n","protected":false},"author":1,"featured_media":0,"parent":0,"menu_order":0,"comment_status":"closed","ping_status":"open","template":"","meta":{"footnotes":""},"class_list":["post-115","page","type-page","status-publish","hentry"],"_links":{"self":[{"href":"https:\/\/xn--indreholmenbt-0fb.no\/index.php?rest_route=\/wp\/v2\/pages\/115","targetHints":{"allow":["GET"]}}],"collection":[{"href":"https:\/\/xn--indreholmenbt-0fb.no\/index.php?rest_route=\/wp\/v2\/pages"}],"about":[{"href":"https:\/\/xn--indreholmenbt-0fb.no\/index.php?rest_route=\/wp\/v2\/types\/page"}],"author":[{"embeddable":true,"href":"https:\/\/xn--indreholmenbt-0fb.no\/index.php?rest_route=\/wp\/v2\/users\/1"}],"replies":[{"embeddable":true,"href":"https:\/\/xn--indreholmenbt-0fb.no\/index.php?rest_route=%2Fwp%2Fv2%2Fcomments&post=115"}],"version-history":[{"count":26,"href":"https:\/\/xn--indreholmenbt-0fb.no\/index.php?rest_route=\/wp\/v2\/pages\/115\/revisions"}],"predecessor-version":[{"id":247,"href":"https:\/\/xn--indreholmenbt-0fb.no\/index.php?rest_route=\/wp\/v2\/pages\/115\/revisions\/247"}],"wp:attachment":[{"href":"https:\/\/xn--indreholmenbt-0fb.no\/index.php?rest_route=%2Fwp%2Fv2%2Fmedia&parent=115"}],"curies":[{"name":"wp","href":"https:\/\/api.w.org\/{rel}","templated":true}]}}