{"id":16,"date":"2013-10-08T18:06:10","date_gmt":"2013-10-08T18:06:10","guid":{"rendered":"http:\/\/xn--indreholmenbt-0fb.no\/?page_id=16"},"modified":"2014-07-02T11:29:07","modified_gmt":"2014-07-02T09:29:07","slug":"indreholmen-bathavn","status":"publish","type":"page","link":"https:\/\/xn--indreholmenbt-0fb.no\/","title":{"rendered":"Atalanta B\u00e5thavn"},"content":{"rendered":"<p><a href=\"http:\/\/xn--indreholmenbt-0fb.no\/wp-content\/uploads\/2014\/06\/Indreholmenbathavn_forside.jpg\"><img loading=\"lazy\" decoding=\"async\" class=\"alignleft wp-image-229 size-medium\" style=\"margin: 5px 10px;\" src=\"http:\/\/xn--indreholmenbt-0fb.no\/wp-content\/uploads\/2014\/06\/Indreholmenbathavn_forside-425x283.jpg\" alt=\"\" width=\"425\" height=\"283\" srcset=\"https:\/\/xn--indreholmenbt-0fb.no\/wp-content\/uploads\/2014\/06\/Indreholmenbathavn_forside-425x283.jpg 425w, https:\/\/xn--indreholmenbt-0fb.no\/wp-content\/uploads\/2014\/06\/Indreholmenbathavn_forside-1024x682.jpg 1024w, https:\/\/xn--indreholmenbt-0fb.no\/wp-content\/uploads\/2014\/06\/Indreholmenbathavn_forside.jpg 1800w\" sizes=\"auto, (max-width: 425px) 100vw, 425px\" \/><\/a>Atalanta\u00a0B\u00e5thavn ligger sentralt plassert p\u00e5 Indreholmen p\u00e5 norvestsiden av Huftar\u00f8y i Austevoll.\u00a0 Havneomr\u00e5det har god tilkomst direkte fra \u00abbruvegen\u00bb mellom Huftar\u00f8y og Storholmen.<\/p>\n<p>B\u00e5tplassene vil ha en lun plassering i et moderne kaianlegg. B\u00e5tplassene har tilgang til vann og str\u00f8m i n\u00e6rheten av egen b\u00e5tplass. B\u00e5tnaustene er p\u00e5 40 kvm og inndelt som egne seksjoner.\u00a0\u00a0I tilknytting til anlegget er det gode parkeringsmuligheter, og felles fasiliteter som b\u00e5topptak, avfallsstasjon, WC og dusj.<\/p>\n<p>Atalanta\u00a0B\u00e5thavn vil i f\u00f8rste utbyggingstrinn inneholde 36 b\u00e5tplasser og 15 b\u00e5tnaust. B\u00e5tplassene er\u00a0n\u00e5 ferdigstillt. B\u00e5tnaustene er lagt\u00a0 ut til forh\u00e5ndssalg\u00a0og forventes klar til overtakelse innen midten av\u00a0juli 2014.\u00a0 Endel naust er allerede solgt s\u00e5 er dere interessert oppfordrer vi dere til \u00e5 ta rask kontakt.\u00a0 Er det \u00f8nskelig kan vi gjerne vise dere anlegget ogs\u00e5 etter avtale.<\/p>\n<p>&nbsp;<\/p>\n<p>&nbsp;<\/p>\n<p>&nbsp;<\/p>\n<p>&nbsp;<\/p>\n<p>&nbsp;<\/p>\n<p><em>Havneregler og vedtekter for\u00a0Atalanta B\u00e5tlag<\/em><\/p>\n<p>Atalanta\u00a0B\u00e5thavn har utarbeidet et havnereglemet, som vil v\u00e6re gjeldene for all ferdsel og bruk rundt havnen.\u00a0Eiere av b\u00e5tplass eller b\u00e5tnaust forplikter seg til \u00e5 f\u00f8lge havnereglementet.\u00a0Atalanta B\u00e5thavn etter salg av b\u00e5tplasser, organiseres som et b\u00e5tlag med eget styre.\u00a0B\u00e5tlaget vil v\u00e6re ansvarlig for drift og organisering av b\u00e5thavnen.<\/p>\n<p>Her kan du laste\u00a0ned:<\/p>\n<ul>\n<li><a href=\"http:\/\/indreholmenb\u00e5t.no\/HavnereglementAtalantaBathavn.pdf\">Havnereglement for Atalanta B\u00e5thavn<\/a><\/li>\n<li><a href=\"http:\/\/indreholmenb\u00e5t.no\/VEDTEKTER_FOR_ATALANTA_BATLAG_13_06_2014.pdf\">Vedtekter for Atalanta B\u00e5tlag<\/a><\/li>\n<\/ul>\n<p>&nbsp;<\/p>\n","protected":false},"excerpt":{"rendered":"<p>Atalanta\u00a0B\u00e5thavn ligger sentralt plassert p\u00e5 Indreholmen p\u00e5 norvestsiden av Huftar\u00f8y i Austevoll.\u00a0 Havneomr\u00e5det har god tilkomst direkte fra \u00abbruvegen\u00bb mellom Huftar\u00f8y og Storholmen. B\u00e5tplassene vil ha en lun plassering i et moderne kaianlegg. B\u00e5tplassene har tilgang til vann og str\u00f8m i n\u00e6rheten av egen b\u00e5tplass. B\u00e5tnaustene er p\u00e5 40 kvm og inndelt som egne seksjoner.\u00a0\u00a0I [&hellip;]<\/p>\n","protected":false},"author":1,"featured_media":0,"parent":0,"menu_order":0,"comment_status":"open","ping_status":"open","template":"","meta":{"footnotes":""},"class_list":["post-16","page","type-page","status-publish","hentry"],"_links":{"self":[{"href":"https:\/\/xn--indreholmenbt-0fb.no\/index.php?rest_route=\/wp\/v2\/pages\/16","targetHints":{"allow":["GET"]}}],"collection":[{"href":"https:\/\/xn--indreholmenbt-0fb.no\/index.php?rest_route=\/wp\/v2\/pages"}],"about":[{"href":"https:\/\/xn--indreholmenbt-0fb.no\/index.php?rest_route=\/wp\/v2\/types\/page"}],"author":[{"embeddable":true,"href":"https:\/\/xn--indreholmenbt-0fb.no\/index.php?rest_route=\/wp\/v2\/users\/1"}],"replies":[{"embeddable":true,"href":"https:\/\/xn--indreholmenbt-0fb.no\/index.php?rest_route=%2Fwp%2Fv2%2Fcomments&post=16"}],"version-history":[{"count":39,"href":"https:\/\/xn--indreholmenbt-0fb.no\/index.php?rest_route=\/wp\/v2\/pages\/16\/revisions"}],"predecessor-version":[{"id":250,"href":"https:\/\/xn--indreholmenbt-0fb.no\/index.php?rest_route=\/wp\/v2\/pages\/16\/revisions\/250"}],"wp:attachment":[{"href":"https:\/\/xn--indreholmenbt-0fb.no\/index.php?rest_route=%2Fwp%2Fv2%2Fmedia&parent=16"}],"curies":[{"name":"wp","href":"https:\/\/api.w.org\/{rel}","templated":true}]}}