{"id":8,"date":"2013-10-08T18:03:32","date_gmt":"2013-10-08T18:03:32","guid":{"rendered":"http:\/\/xn--indreholmenbt-0fb.no\/?page_id=8"},"modified":"2014-07-02T11:31:06","modified_gmt":"2014-07-02T09:31:06","slug":"hjem","status":"publish","type":"page","link":"https:\/\/xn--indreholmenbt-0fb.no\/?page_id=8","title":{"rendered":"Informasjon om b\u00e5tplasser"},"content":{"rendered":"<p><a href=\"http:\/\/xn--indreholmenbt-0fb.no\/wp-content\/uploads\/2014\/06\/Indreholmenbathavn_forside.jpg\"><img loading=\"lazy\" decoding=\"async\" class=\"alignleft wp-image-229 size-medium\" style=\"margin-right: 10px; margin-left: 10px;\" src=\"http:\/\/xn--indreholmenbt-0fb.no\/wp-content\/uploads\/2014\/06\/Indreholmenbathavn_forside-425x283.jpg\" alt=\"\" width=\"425\" height=\"283\" srcset=\"https:\/\/xn--indreholmenbt-0fb.no\/wp-content\/uploads\/2014\/06\/Indreholmenbathavn_forside-425x283.jpg 425w, https:\/\/xn--indreholmenbt-0fb.no\/wp-content\/uploads\/2014\/06\/Indreholmenbathavn_forside-1024x682.jpg 1024w, https:\/\/xn--indreholmenbt-0fb.no\/wp-content\/uploads\/2014\/06\/Indreholmenbathavn_forside.jpg 1800w\" sizes=\"auto, (max-width: 425px) 100vw, 425px\" \/><\/a>Atalanta\u00a0B\u00e5thavn utbygges i to trinn. F\u00f8rste utbygging inneholder utbygging av 36 b\u00e5tplasser og 15\u00a0b\u00e5tnaust. Alle b\u00e5tplassene i dette utbyggingstrinnet er plassert i senter av anlegget (se oversikten under), og er utstyrt med egen tilgang til str\u00f8m og vann.\u00a0 B\u00e5tplassene er ferdig og b\u00e5tgarasjene forventes ferdigstillt i midten av juli 2014.<\/p>\n<p>St\u00f8rrelsene p\u00e5 b\u00e5tplassene og antall:<\/p>\n<p>&#8211; 20 b\u00e5tplasser med bredde 3 meter (fra senter til senter av uteriggerne) og med uteriggere p\u00e5 6 meter. B\u00e5tplassene er nummerert fra 17-36 p\u00e5 oversikten under.\u00a0 Pris: 130 000 kr + fellesutgifter til b\u00e5tlaget (3000 kr \u00e5rlig).<\/p>\n<p>&#8211; 16 b\u00e5tplasser med bredde p\u00e5 4 meter (fra senter til senter av uteriggere) og med uteriggere p\u00e5 8 meter. B\u00e5tplassene er nummerert fra 1-16* p\u00e5 oversikten under. Pris: 155 000 kr + fellesutgifter til b\u00e5tlaget (3000 kr \u00e5rlig).<\/p>\n<p>*For b\u00e5tplass med uteriggere over 8 meter (plass nr. 1,2 og 8-10) kan det forekomme et pristillegg.<\/p>\n<p>Alle\u00a0b\u00e5tplassene i b\u00e5thavnen har fendringlist rundt uteriggerne.<\/p>\n<p>B\u00e5tplassene er lagt ut\u00a0for salg\u00a0,\u00a0<a title=\"Kontakt\" href=\"http:\/\/xn--indreholmenbt-0fb.no\/?page_id=13\">kontakt oss<\/a> gjerne dersom du er interessert.<\/p>\n<p>Kj\u00f8psdokumentasjon for b\u00e5tplass inneholder: kj\u00f8psavtale for b\u00e5tplass, havnereglement og vedtekter for\u00a0Atalanta B\u00e5tlag.<\/p>\n<p>&nbsp;<\/p>\n<p>Her kan du laste\u00a0ned:<\/p>\n<ul>\n<li><a href=\"http:\/\/indreholmenb\u00e5t.no\/HavnereglementAtalantaBathavn.pdf\">Havnereglement for Atalanta B\u00e5thavn<\/a><\/li>\n<li><a href=\"http:\/\/indreholmenb\u00e5t.no\/VEDTEKTER_FOR_ATALANTA_BATLAG_13_06_2014.pdf\">Vedtekter for Atalanta B\u00e5tlag<\/a><\/li>\n<\/ul>\n<p>&nbsp;<\/p>\n<p><a href=\"http:\/\/xn--indreholmenbt-0fb.no\/wp-content\/uploads\/2013\/10\/oversiktny.jpg\"><img loading=\"lazy\" decoding=\"async\" class=\"alignleft wp-image-232 size-medium\" style=\"margin-left: 10px; margin-right: 10px;\" src=\"http:\/\/xn--indreholmenbt-0fb.no\/wp-content\/uploads\/2013\/10\/oversiktny-425x322.jpg\" alt=\"\" width=\"425\" height=\"322\" srcset=\"https:\/\/xn--indreholmenbt-0fb.no\/wp-content\/uploads\/2013\/10\/oversiktny-425x322.jpg 425w, https:\/\/xn--indreholmenbt-0fb.no\/wp-content\/uploads\/2013\/10\/oversiktny.jpg 528w\" sizes=\"auto, (max-width: 425px) 100vw, 425px\" \/><\/a><\/p>\n<p>Til venstre er\u00a0 en oversikt over b\u00e5tplassene og nummerering av plasser.\u00a0 Du kan ogs\u00e5 laste ned hele oversikten som en pdf <a href=\"http:\/\/indreholmenb\u00e5t.no\/A10_2 Illustrasjonsplan.pdf\">HER<\/a><\/p>\n","protected":false},"excerpt":{"rendered":"<p>Atalanta\u00a0B\u00e5thavn utbygges i to trinn. F\u00f8rste utbygging inneholder utbygging av 36 b\u00e5tplasser og 15\u00a0b\u00e5tnaust. Alle b\u00e5tplassene i dette utbyggingstrinnet er plassert i senter av anlegget (se oversikten under), og er utstyrt med egen tilgang til str\u00f8m og vann.\u00a0 B\u00e5tplassene er ferdig og b\u00e5tgarasjene forventes ferdigstillt i midten av juli 2014. St\u00f8rrelsene p\u00e5 b\u00e5tplassene og antall: [&hellip;]<\/p>\n","protected":false},"author":1,"featured_media":0,"parent":0,"menu_order":0,"comment_status":"open","ping_status":"open","template":"","meta":{"footnotes":""},"class_list":["post-8","page","type-page","status-publish","hentry"],"_links":{"self":[{"href":"https:\/\/xn--indreholmenbt-0fb.no\/index.php?rest_route=\/wp\/v2\/pages\/8","targetHints":{"allow":["GET"]}}],"collection":[{"href":"https:\/\/xn--indreholmenbt-0fb.no\/index.php?rest_route=\/wp\/v2\/pages"}],"about":[{"href":"https:\/\/xn--indreholmenbt-0fb.no\/index.php?rest_route=\/wp\/v2\/types\/page"}],"author":[{"embeddable":true,"href":"https:\/\/xn--indreholmenbt-0fb.no\/index.php?rest_route=\/wp\/v2\/users\/1"}],"replies":[{"embeddable":true,"href":"https:\/\/xn--indreholmenbt-0fb.no\/index.php?rest_route=%2Fwp%2Fv2%2Fcomments&post=8"}],"version-history":[{"count":70,"href":"https:\/\/xn--indreholmenbt-0fb.no\/index.php?rest_route=\/wp\/v2\/pages\/8\/revisions"}],"predecessor-version":[{"id":251,"href":"https:\/\/xn--indreholmenbt-0fb.no\/index.php?rest_route=\/wp\/v2\/pages\/8\/revisions\/251"}],"wp:attachment":[{"href":"https:\/\/xn--indreholmenbt-0fb.no\/index.php?rest_route=%2Fwp%2Fv2%2Fmedia&parent=8"}],"curies":[{"name":"wp","href":"https:\/\/api.w.org\/{rel}","templated":true}]}}